{"id":195,"date":"2022-07-22T11:23:13","date_gmt":"2022-07-22T11:23:13","guid":{"rendered":"http:\/\/glasundglanz.com\/?page_id=195"},"modified":"2026-04-03T18:33:30","modified_gmt":"2026-04-03T18:33:30","slug":"impressum","status":"publish","type":"page","link":"https:\/\/glasundglanz.com\/index.php\/impressum\/","title":{"rendered":"Impressum"},"content":{"rendered":"\t\t<div data-elementor-type=\"wp-page\" data-elementor-id=\"195\" class=\"elementor elementor-195\">\n\t\t\t\t\t\t<section class=\"elementor-section elementor-top-section elementor-element elementor-element-76152caa elementor-section-boxed elementor-section-height-default elementor-section-height-default\" data-id=\"76152caa\" data-element_type=\"section\">\n\t\t\t\t\t\t<div class=\"elementor-container elementor-column-gap-default\">\n\t\t\t\t\t<div class=\"elementor-column elementor-col-100 elementor-top-column elementor-element elementor-element-684bd78d\" data-id=\"684bd78d\" data-element_type=\"column\">\n\t\t\t<div class=\"elementor-widget-wrap elementor-element-populated\">\n\t\t\t\t\t\t<div class=\"elementor-element elementor-element-623b7e83 elementor-widget elementor-widget-text-editor\" data-id=\"623b7e83\" data-element_type=\"widget\" data-widget_type=\"text-editor.default\">\n\t\t\t\t<div class=\"elementor-widget-container\">\n\t\t\t\t\t\t\t\t\t\n<h3 id=\"1099921799\" class=\"wp-block-heading\">Verantwortlich:<\/h3>\n\n<p>Yalcin Seng\u00fcl<\/p>\n\n<h3 id=\"1669622938\" class=\"wp-block-heading\">Kontakt:<\/h3>\n\n<p>Pillenreutherstr 156 &#8211; 90459 N\u00fcrnberg<\/p>\n\n<p>Mobil: 017634221571<\/p>\n\n<p>E-Mail: info@glasundglanz.com<\/p>\n\n<h3 id=\"1428066521\" class=\"wp-block-heading\">Registereintrag:<\/h3>\n\n<p>Handwerkskammer f\u00fcr Mittelfranken<\/p>\n\n<h3 id=\"1922097649\" class=\"wp-block-heading\">Umsatzsteuer-ID:<\/h3>\n\n<p>DE327315989<\/p>\n\t\t\t\t\t\t\t\t<\/div>\n\t\t\t\t<\/div>\n\t\t\t\t\t<\/div>\n\t\t<\/div>\n\t\t\t\t\t<\/div>\n\t\t<\/section>\n\t\t\t\t<\/div>\n\t\t","protected":false},"excerpt":{"rendered":"<p>Verantwortlich: Yalcin Seng\u00fcl Kontakt: Pillenreutherstr 156 &#8211; 90459 N\u00fcrnberg Mobil: 017634221571 E-Mail: info@glasundglanz.com Registereintrag: Handwerkskammer f\u00fcr Mittelfranken Umsatzsteuer-ID: DE327315989<\/p>\n","protected":false},"author":1,"featured_media":0,"parent":0,"menu_order":0,"comment_status":"closed","ping_status":"closed","template":"","meta":{"om_disable_all_campaigns":false,"_monsterinsights_skip_tracking":false,"_monsterinsights_sitenote_active":false,"_monsterinsights_sitenote_note":"","_monsterinsights_sitenote_category":0,"footnotes":""},"class_list":["post-195","page","type-page","status-publish","hentry"],"aioseo_notices":[],"_links":{"self":[{"href":"https:\/\/glasundglanz.com\/index.php\/wp-json\/wp\/v2\/pages\/195","targetHints":{"allow":["GET"]}}],"collection":[{"href":"https:\/\/glasundglanz.com\/index.php\/wp-json\/wp\/v2\/pages"}],"about":[{"href":"https:\/\/glasundglanz.com\/index.php\/wp-json\/wp\/v2\/types\/page"}],"author":[{"embeddable":true,"href":"https:\/\/glasundglanz.com\/index.php\/wp-json\/wp\/v2\/users\/1"}],"replies":[{"embeddable":true,"href":"https:\/\/glasundglanz.com\/index.php\/wp-json\/wp\/v2\/comments?post=195"}],"version-history":[{"count":6,"href":"https:\/\/glasundglanz.com\/index.php\/wp-json\/wp\/v2\/pages\/195\/revisions"}],"predecessor-version":[{"id":441,"href":"https:\/\/glasundglanz.com\/index.php\/wp-json\/wp\/v2\/pages\/195\/revisions\/441"}],"wp:attachment":[{"href":"https:\/\/glasundglanz.com\/index.php\/wp-json\/wp\/v2\/media?parent=195"}],"curies":[{"name":"wp","href":"https:\/\/api.w.org\/{rel}","templated":true}]}}